{"id":12499,"date":"2025-11-26T17:44:00","date_gmt":"2025-11-26T16:44:00","guid":{"rendered":"https:\/\/blekleratoriginal.com\/product\/frederic-chopin-edition-grise-artist-proof-i-iv"},"modified":"2025-11-26T17:44:00","modified_gmt":"2025-11-26T16:44:00","slug":"frederic-chopin-edition-grise-artist-proof-i-iv","status":"publish","type":"product","link":"https:\/\/blekleratoriginal.com\/en\/product\/frederic-chopin-edition-grise-artist-proof-i-iv","title":{"rendered":"Fr\u00e9d\u00e9ric Chopin &#8211; \u00e9dition grise &#8211; Artist Proof # I\/IV"},"content":{"rendered":"<p>Artist Proof of a signed and limited edition of 50 published in 2020. The two colored screen print on Arches paper 300g measures 23 x 31cm (9 x 12 1\/4 in) and comes with a certificate of authenticity signed by the artist. The proofs are numbered on IV (9).  <\/p>\n<p>&nbsp;<\/p>\n","protected":false},"excerpt":{"rendered":"<p>Artist Proof of a signed and limited edition of 50 published in 2020. The two colored screen print on Arches paper 300g measures 23 x 31cm (9 x 12 1\/4 in) and comes with a certificate of authenticity signed by the artist. The proofs are numbered on IV (9). &nbsp;<\/p>\n","protected":false},"featured_media":12479,"template":"","meta":[],"product_brand":[],"product_cat":[76],"product_tag":[],"class_list":{"0":"post-12499","1":"product","2":"type-product","3":"status-publish","4":"has-post-thumbnail","6":"product_cat-print-en","7":"product_shipping_class-box-en","9":"first","10":"outofstock","11":"taxable","12":"shipping-taxable","13":"product-type-simple"},"_links":{"self":[{"href":"https:\/\/blekleratoriginal.com\/en\/wp-json\/wp\/v2\/product\/12499","targetHints":{"allow":["GET"]}}],"collection":[{"href":"https:\/\/blekleratoriginal.com\/en\/wp-json\/wp\/v2\/product"}],"about":[{"href":"https:\/\/blekleratoriginal.com\/en\/wp-json\/wp\/v2\/types\/product"}],"wp:featuredmedia":[{"embeddable":true,"href":"https:\/\/blekleratoriginal.com\/en\/wp-json\/wp\/v2\/media\/12479"}],"wp:attachment":[{"href":"https:\/\/blekleratoriginal.com\/en\/wp-json\/wp\/v2\/media?parent=12499"}],"wp:term":[{"taxonomy":"product_brand","embeddable":true,"href":"https:\/\/blekleratoriginal.com\/en\/wp-json\/wp\/v2\/product_brand?post=12499"},{"taxonomy":"product_cat","embeddable":true,"href":"https:\/\/blekleratoriginal.com\/en\/wp-json\/wp\/v2\/product_cat?post=12499"},{"taxonomy":"product_tag","embeddable":true,"href":"https:\/\/blekleratoriginal.com\/en\/wp-json\/wp\/v2\/product_tag?post=12499"}],"curies":[{"name":"wp","href":"https:\/\/api.w.org\/{rel}","templated":true}]}}