{"id":12463,"date":"2025-11-21T20:23:15","date_gmt":"2025-11-21T19:23:15","guid":{"rendered":"https:\/\/blekleratoriginal.com\/product\/the-centaur-sagittarius-edition-blue-artist-proof-iii-iii"},"modified":"2025-11-21T20:23:15","modified_gmt":"2025-11-21T19:23:15","slug":"the-centaur-sagittarius-edition-blue-artist-proof-iii-iii","status":"publish","type":"product","link":"https:\/\/blekleratoriginal.com\/en\/product\/the-centaur-sagittarius-edition-blue-artist-proof-iii-iii","title":{"rendered":"The Centaur (Sagittarius) \u00e9dition blue, Artist Proof # III\/III"},"content":{"rendered":"<p>Epreuve d&#8217;artiste d&#8217;une \u00e9dition sign\u00e9e et limit\u00e9e \u00e0 12 exemplaires. Artist Proof of a signed and limited edition of 12 published in 2019. The two colour screen print on 300g Arches paper measures 23 x 31 cm and comes with a certificate of authenticity signed by the artist.<\/p>\n","protected":false},"excerpt":{"rendered":"<p>Epreuve d&#8217;artiste d&#8217;une \u00e9dition sign\u00e9e et limit\u00e9e \u00e0 12 exemplaires. Artist Proof of a signed and limited edition of 12 published in 2019. The two colour screen print on 300g Arches paper measures 23 x 31 cm and comes with a certificate of authenticity signed by the artist.<\/p>\n","protected":false},"featured_media":10011,"template":"","meta":[],"product_brand":[],"product_cat":[76],"product_tag":[],"class_list":{"0":"post-12463","1":"product","2":"type-product","3":"status-publish","4":"has-post-thumbnail","6":"product_cat-print-en","7":"product_shipping_class-box-en","9":"first","10":"outofstock","11":"taxable","12":"shipping-taxable","13":"product-type-simple"},"_links":{"self":[{"href":"https:\/\/blekleratoriginal.com\/en\/wp-json\/wp\/v2\/product\/12463","targetHints":{"allow":["GET"]}}],"collection":[{"href":"https:\/\/blekleratoriginal.com\/en\/wp-json\/wp\/v2\/product"}],"about":[{"href":"https:\/\/blekleratoriginal.com\/en\/wp-json\/wp\/v2\/types\/product"}],"wp:featuredmedia":[{"embeddable":true,"href":"https:\/\/blekleratoriginal.com\/en\/wp-json\/wp\/v2\/media\/10011"}],"wp:attachment":[{"href":"https:\/\/blekleratoriginal.com\/en\/wp-json\/wp\/v2\/media?parent=12463"}],"wp:term":[{"taxonomy":"product_brand","embeddable":true,"href":"https:\/\/blekleratoriginal.com\/en\/wp-json\/wp\/v2\/product_brand?post=12463"},{"taxonomy":"product_cat","embeddable":true,"href":"https:\/\/blekleratoriginal.com\/en\/wp-json\/wp\/v2\/product_cat?post=12463"},{"taxonomy":"product_tag","embeddable":true,"href":"https:\/\/blekleratoriginal.com\/en\/wp-json\/wp\/v2\/product_tag?post=12463"}],"curies":[{"name":"wp","href":"https:\/\/api.w.org\/{rel}","templated":true}]}}