{"id":10410,"date":"2022-06-11T15:12:36","date_gmt":"2022-06-11T15:12:36","guid":{"rendered":"https:\/\/blekleratoriginal.com\/product\/diana-and-angel"},"modified":"2022-06-11T15:20:37","modified_gmt":"2022-06-11T15:20:37","slug":"diana-et-lange","status":"publish","type":"product","link":"https:\/\/blekleratoriginal.com\/en\/product\/diana-et-lange","title":{"rendered":"Diana and Angel"},"content":{"rendered":"<p>s\u00e9rigraphie en cinq couleurs (vernis y compris) sur moulin du gu; edition sign\u00e9e et limit\u00e9e \u00e0 100 exemplaires; 96x86cm; publi\u00e9e par Black Rat Press en 2008<\/p>\n","protected":false},"excerpt":{"rendered":"<p>s\u00e9rigraphie en cinq couleurs (vernis y compris) sur moulin du gu; edition sign\u00e9e et limit\u00e9e \u00e0 100 exemplaires; 96x86cm; publi\u00e9e par Black Rat Press en 2008<\/p>\n","protected":false},"featured_media":10408,"template":"","meta":[],"product_brand":[],"product_cat":[91],"product_tag":[],"class_list":{"0":"post-10410","1":"product","2":"type-product","3":"status-publish","4":"has-post-thumbnail","6":"product_cat-archive-en","8":"first","9":"outofstock","10":"taxable","11":"shipping-taxable","12":"product-type-simple"},"_links":{"self":[{"href":"https:\/\/blekleratoriginal.com\/en\/wp-json\/wp\/v2\/product\/10410","targetHints":{"allow":["GET"]}}],"collection":[{"href":"https:\/\/blekleratoriginal.com\/en\/wp-json\/wp\/v2\/product"}],"about":[{"href":"https:\/\/blekleratoriginal.com\/en\/wp-json\/wp\/v2\/types\/product"}],"wp:featuredmedia":[{"embeddable":true,"href":"https:\/\/blekleratoriginal.com\/en\/wp-json\/wp\/v2\/media\/10408"}],"wp:attachment":[{"href":"https:\/\/blekleratoriginal.com\/en\/wp-json\/wp\/v2\/media?parent=10410"}],"wp:term":[{"taxonomy":"product_brand","embeddable":true,"href":"https:\/\/blekleratoriginal.com\/en\/wp-json\/wp\/v2\/product_brand?post=10410"},{"taxonomy":"product_cat","embeddable":true,"href":"https:\/\/blekleratoriginal.com\/en\/wp-json\/wp\/v2\/product_cat?post=10410"},{"taxonomy":"product_tag","embeddable":true,"href":"https:\/\/blekleratoriginal.com\/en\/wp-json\/wp\/v2\/product_tag?post=10410"}],"curies":[{"name":"wp","href":"https:\/\/api.w.org\/{rel}","templated":true}]}}