{"id":10159,"date":"2022-05-17T09:52:06","date_gmt":"2022-05-17T07:52:06","guid":{"rendered":"https:\/\/blekleratoriginal.com\/product\/frederic-chopin-blue-edition"},"modified":"2023-12-04T13:47:26","modified_gmt":"2023-12-04T12:47:26","slug":"frederic-chopin-edition-bleue","status":"publish","type":"product","link":"https:\/\/blekleratoriginal.com\/en\/product\/frederic-chopin-edition-bleue","title":{"rendered":"Fr\u00e9d\u00e9ric Chopin, \u00e9dition bleue"},"content":{"rendered":"<p>tow color screen print on Arches 300g Papier; 23x31cm; 2020;signed and limited edition of 50; COA signed by the artist<\/p>\n<p>&nbsp;<\/p>\n","protected":false},"excerpt":{"rendered":"<p>tow color screen print on Arches 300g Papier; 23x31cm; 2020;signed and limited edition of 50; COA signed by the artist&#8230;<\/p>\n","protected":false},"featured_media":9589,"template":"","meta":[],"product_brand":[],"product_cat":[91],"product_tag":[],"class_list":{"0":"post-10159","1":"product","2":"type-product","3":"status-publish","4":"has-post-thumbnail","6":"product_cat-archive-en","7":"product_shipping_class-box-en","9":"first","10":"outofstock","11":"taxable","12":"shipping-taxable","13":"product-type-simple"},"_links":{"self":[{"href":"https:\/\/blekleratoriginal.com\/en\/wp-json\/wp\/v2\/product\/10159","targetHints":{"allow":["GET"]}}],"collection":[{"href":"https:\/\/blekleratoriginal.com\/en\/wp-json\/wp\/v2\/product"}],"about":[{"href":"https:\/\/blekleratoriginal.com\/en\/wp-json\/wp\/v2\/types\/product"}],"wp:featuredmedia":[{"embeddable":true,"href":"https:\/\/blekleratoriginal.com\/en\/wp-json\/wp\/v2\/media\/9589"}],"wp:attachment":[{"href":"https:\/\/blekleratoriginal.com\/en\/wp-json\/wp\/v2\/media?parent=10159"}],"wp:term":[{"taxonomy":"product_brand","embeddable":true,"href":"https:\/\/blekleratoriginal.com\/en\/wp-json\/wp\/v2\/product_brand?post=10159"},{"taxonomy":"product_cat","embeddable":true,"href":"https:\/\/blekleratoriginal.com\/en\/wp-json\/wp\/v2\/product_cat?post=10159"},{"taxonomy":"product_tag","embeddable":true,"href":"https:\/\/blekleratoriginal.com\/en\/wp-json\/wp\/v2\/product_tag?post=10159"}],"curies":[{"name":"wp","href":"https:\/\/api.w.org\/{rel}","templated":true}]}}