{"id":12596,"date":"2025-12-30T18:00:55","date_gmt":"2025-12-30T17:00:55","guid":{"rendered":"https:\/\/blekleratoriginal.com\/product\/the-warbird-kuenstlerexemplar"},"modified":"2025-12-30T18:00:55","modified_gmt":"2025-12-30T17:00:55","slug":"the-warbird-kuenstlerexemplar","status":"publish","type":"product","link":"https:\/\/blekleratoriginal.com\/de\/produkt\/the-warbird-kuenstlerexemplar","title":{"rendered":"The Warbird &#8211; K\u00fcnstlerexemplar"},"content":{"rendered":"<p>K\u00fcnstlerexemplar einer signierten und auf 55 Exemplare limitierten Edition von 2025. Der dreifarbige Siebdruck misst 56 x 76 cm (plus B\u00fcttenr\u00e4nder). Die K\u00fcnstlerexemplare sind auf VIII (8) nummeriert, signiert und werden begleitet von einem vom K\u00fcnstler signierten Echtheitszertifikat.<\/p>\n","protected":false},"excerpt":{"rendered":"<p>K\u00fcnstlerexemplar einer signierten und auf 55 Exemplare limitierten Edition von 2025. Der dreifarbige Siebdruck misst 56 x 76 cm (plus B\u00fcttenr\u00e4nder). Die K\u00fcnstlerexemplare sind auf VIII (8) nummeriert, signiert und werden begleitet von einem vom K\u00fcnstler signierten Echtheitszertifikat.<\/p>\n","protected":false},"featured_media":12368,"template":"","meta":[],"product_brand":[],"product_cat":[81],"product_tag":[],"class_list":{"0":"post-12596","1":"product","2":"type-product","3":"status-publish","4":"has-post-thumbnail","6":"product_cat-print-de","7":"product_shipping_class-tube-de","9":"first","10":"outofstock","11":"taxable","12":"shipping-taxable","13":"purchasable","14":"product-type-simple"},"_links":{"self":[{"href":"https:\/\/blekleratoriginal.com\/de\/wp-json\/wp\/v2\/product\/12596","targetHints":{"allow":["GET"]}}],"collection":[{"href":"https:\/\/blekleratoriginal.com\/de\/wp-json\/wp\/v2\/product"}],"about":[{"href":"https:\/\/blekleratoriginal.com\/de\/wp-json\/wp\/v2\/types\/product"}],"wp:featuredmedia":[{"embeddable":true,"href":"https:\/\/blekleratoriginal.com\/de\/wp-json\/wp\/v2\/media\/12368"}],"wp:attachment":[{"href":"https:\/\/blekleratoriginal.com\/de\/wp-json\/wp\/v2\/media?parent=12596"}],"wp:term":[{"taxonomy":"product_brand","embeddable":true,"href":"https:\/\/blekleratoriginal.com\/de\/wp-json\/wp\/v2\/product_brand?post=12596"},{"taxonomy":"product_cat","embeddable":true,"href":"https:\/\/blekleratoriginal.com\/de\/wp-json\/wp\/v2\/product_cat?post=12596"},{"taxonomy":"product_tag","embeddable":true,"href":"https:\/\/blekleratoriginal.com\/de\/wp-json\/wp\/v2\/product_tag?post=12596"}],"curies":[{"name":"wp","href":"https:\/\/api.w.org\/{rel}","templated":true}]}}