{"id":12588,"date":"2025-12-17T23:58:32","date_gmt":"2025-12-17T22:58:32","guid":{"rendered":"https:\/\/blekleratoriginal.com\/product\/the-homeless-kuenstlerexemplar"},"modified":"2025-12-18T14:47:12","modified_gmt":"2025-12-18T13:47:12","slug":"the-homeless-kuenstlerexemplar","status":"publish","type":"product","link":"https:\/\/blekleratoriginal.com\/de\/produkt\/the-homeless-kuenstlerexemplar","title":{"rendered":"The Homeless &#8211; K\u00fcnstlerexemplar"},"content":{"rendered":"<p>K\u00fcnstlerexemplar einer signierten und auf 60 Exemplare limitierten Edition von 60 Exemplaren, die 2022 ver\u00f6ffentlicht wurde. Es gibt f\u00fcnfzehn K\u00fcnstlerexemplare.<\/p>\n<p>Der zweifarbige Siebdruck auf Arches 300g misst 56 x 76 cm und wird mit einem vom K\u00fcnstler signierten Echtheitszertifikat geliefert.<\/p>\n","protected":false},"excerpt":{"rendered":"<p>K\u00fcnstlerexemplar einer signierten und auf 60 Exemplare limitierten Edition von 60 Exemplaren, die 2022 ver\u00f6ffentlicht wurde. Es gibt f\u00fcnfzehn K\u00fcnstlerexemplare. Der zweifarbige Siebdruck auf Arches 300g misst 56 x 76 cm und wird mit einem vom K\u00fcnstler signierten Echtheitszertifikat geliefert.<\/p>\n","protected":false},"featured_media":9612,"template":"","meta":[],"product_brand":[],"product_cat":[81],"product_tag":[],"class_list":{"0":"post-12588","1":"product","2":"type-product","3":"status-publish","4":"has-post-thumbnail","6":"product_cat-print-de","7":"product_shipping_class-tube-de","9":"first","10":"outofstock","11":"taxable","12":"shipping-taxable","13":"purchasable","14":"product-type-simple"},"_links":{"self":[{"href":"https:\/\/blekleratoriginal.com\/de\/wp-json\/wp\/v2\/product\/12588","targetHints":{"allow":["GET"]}}],"collection":[{"href":"https:\/\/blekleratoriginal.com\/de\/wp-json\/wp\/v2\/product"}],"about":[{"href":"https:\/\/blekleratoriginal.com\/de\/wp-json\/wp\/v2\/types\/product"}],"wp:featuredmedia":[{"embeddable":true,"href":"https:\/\/blekleratoriginal.com\/de\/wp-json\/wp\/v2\/media\/9612"}],"wp:attachment":[{"href":"https:\/\/blekleratoriginal.com\/de\/wp-json\/wp\/v2\/media?parent=12588"}],"wp:term":[{"taxonomy":"product_brand","embeddable":true,"href":"https:\/\/blekleratoriginal.com\/de\/wp-json\/wp\/v2\/product_brand?post=12588"},{"taxonomy":"product_cat","embeddable":true,"href":"https:\/\/blekleratoriginal.com\/de\/wp-json\/wp\/v2\/product_cat?post=12588"},{"taxonomy":"product_tag","embeddable":true,"href":"https:\/\/blekleratoriginal.com\/de\/wp-json\/wp\/v2\/product_tag?post=12588"}],"curies":[{"name":"wp","href":"https:\/\/api.w.org\/{rel}","templated":true}]}}