{"id":12534,"date":"2025-11-30T16:22:24","date_gmt":"2025-11-30T15:22:24","guid":{"rendered":"https:\/\/blekleratoriginal.com\/product\/the-last-day-of-your-life-special-edition-4-5"},"modified":"2025-11-30T16:22:24","modified_gmt":"2025-11-30T15:22:24","slug":"the-last-day-of-your-life-special-edition-4-5","status":"publish","type":"product","link":"https:\/\/blekleratoriginal.com\/de\/produkt\/the-last-day-of-your-life-special-edition-4-5","title":{"rendered":"The Last Day Of Your Life &#8211; Special Edition  #4\/5"},"content":{"rendered":"<p>Signierte und auf 5 Exemplare limitierte Edition (vier schwarze Ratten und eine braune) aus dem Jahr 2024.<br \/>\nDer vierfarbige Siebdruck auf 300g Arches Papier misst 76x56cm (plus B\u00fcttenr\u00e4nder) und wird von einem vom K\u00fcnstler signierten Echtheitszertifikat begleitet. <\/p>\n","protected":false},"excerpt":{"rendered":"<p>Signierte und auf 5 Exemplare limitierte Edition (vier schwarze Ratten und eine braune) aus dem Jahr 2024. Der vierfarbige Siebdruck auf 300g Arches Papier misst 76x56cm (plus B\u00fcttenr\u00e4nder) und wird von einem vom K\u00fcnstler signierten Echtheitszertifikat begleitet.<\/p>\n","protected":false},"featured_media":12532,"template":"","meta":[],"product_brand":[],"product_cat":[81],"product_tag":[],"class_list":{"0":"post-12534","1":"product","2":"type-product","3":"status-publish","4":"has-post-thumbnail","6":"product_cat-print-de","7":"product_shipping_class-tube-de","9":"first","10":"outofstock","11":"taxable","12":"shipping-taxable","13":"product-type-simple"},"_links":{"self":[{"href":"https:\/\/blekleratoriginal.com\/de\/wp-json\/wp\/v2\/product\/12534","targetHints":{"allow":["GET"]}}],"collection":[{"href":"https:\/\/blekleratoriginal.com\/de\/wp-json\/wp\/v2\/product"}],"about":[{"href":"https:\/\/blekleratoriginal.com\/de\/wp-json\/wp\/v2\/types\/product"}],"wp:featuredmedia":[{"embeddable":true,"href":"https:\/\/blekleratoriginal.com\/de\/wp-json\/wp\/v2\/media\/12532"}],"wp:attachment":[{"href":"https:\/\/blekleratoriginal.com\/de\/wp-json\/wp\/v2\/media?parent=12534"}],"wp:term":[{"taxonomy":"product_brand","embeddable":true,"href":"https:\/\/blekleratoriginal.com\/de\/wp-json\/wp\/v2\/product_brand?post=12534"},{"taxonomy":"product_cat","embeddable":true,"href":"https:\/\/blekleratoriginal.com\/de\/wp-json\/wp\/v2\/product_cat?post=12534"},{"taxonomy":"product_tag","embeddable":true,"href":"https:\/\/blekleratoriginal.com\/de\/wp-json\/wp\/v2\/product_tag?post=12534"}],"curies":[{"name":"wp","href":"https:\/\/api.w.org\/{rel}","templated":true}]}}