{"id":12511,"date":"2025-11-27T19:36:04","date_gmt":"2025-11-27T18:36:04","guid":{"rendered":"https:\/\/blekleratoriginal.com\/product\/after-the-apocalypse-kuenstlerexemplar-vi-vi"},"modified":"2025-11-27T19:36:04","modified_gmt":"2025-11-27T18:36:04","slug":"after-the-apocalypse-kuenstlerexemplar-vi-vi","status":"publish","type":"product","link":"https:\/\/blekleratoriginal.com\/de\/produkt\/after-the-apocalypse-kuenstlerexemplar-vi-vi","title":{"rendered":"After The Apocalypse &#8211; K\u00fcnstlerexemplar # VI\/VI"},"content":{"rendered":"<p>K\u00fcnstlerexemplar einer signierten und auf 30 Exemplare limitierten Edition, die 2017 ver\u00f6ffentlicht wurde. Der zweifarbige Siebdruck auf 300g Arches Papier misst 23 x 31 cm und wird von einem vom K\u00fcnstler signierten Echtheitszertifikat begleitet. Die K\u00fcnstlerexemplare sind auf VI (6) nummeriert.<\/p>\n","protected":false},"excerpt":{"rendered":"<p>K\u00fcnstlerexemplar einer signierten und auf 30 Exemplare limitierten Edition, die 2017 ver\u00f6ffentlicht wurde. Der zweifarbige Siebdruck auf 300g Arches Papier misst 23 x 31 cm und wird von einem vom K\u00fcnstler signierten Echtheitszertifikat begleitet. Die K\u00fcnstlerexemplare sind auf VI (6) nummeriert.<\/p>\n","protected":false},"featured_media":12506,"template":"","meta":[],"product_brand":[],"product_cat":[90],"product_tag":[],"class_list":{"0":"post-12511","1":"product","2":"type-product","3":"status-publish","4":"has-post-thumbnail","6":"product_cat-archive-de","7":"product_shipping_class-box-de","9":"first","10":"outofstock","11":"taxable","12":"shipping-taxable","13":"product-type-simple"},"_links":{"self":[{"href":"https:\/\/blekleratoriginal.com\/de\/wp-json\/wp\/v2\/product\/12511","targetHints":{"allow":["GET"]}}],"collection":[{"href":"https:\/\/blekleratoriginal.com\/de\/wp-json\/wp\/v2\/product"}],"about":[{"href":"https:\/\/blekleratoriginal.com\/de\/wp-json\/wp\/v2\/types\/product"}],"wp:featuredmedia":[{"embeddable":true,"href":"https:\/\/blekleratoriginal.com\/de\/wp-json\/wp\/v2\/media\/12506"}],"wp:attachment":[{"href":"https:\/\/blekleratoriginal.com\/de\/wp-json\/wp\/v2\/media?parent=12511"}],"wp:term":[{"taxonomy":"product_brand","embeddable":true,"href":"https:\/\/blekleratoriginal.com\/de\/wp-json\/wp\/v2\/product_brand?post=12511"},{"taxonomy":"product_cat","embeddable":true,"href":"https:\/\/blekleratoriginal.com\/de\/wp-json\/wp\/v2\/product_cat?post=12511"},{"taxonomy":"product_tag","embeddable":true,"href":"https:\/\/blekleratoriginal.com\/de\/wp-json\/wp\/v2\/product_tag?post=12511"}],"curies":[{"name":"wp","href":"https:\/\/api.w.org\/{rel}","templated":true}]}}