{"id":12500,"date":"2025-11-26T17:44:00","date_gmt":"2025-11-26T16:44:00","guid":{"rendered":"https:\/\/blekleratoriginal.com\/product\/frederic-chopin-edition-grise-kuenstlerexemplar-i-iv"},"modified":"2025-11-26T17:44:00","modified_gmt":"2025-11-26T16:44:00","slug":"frederic-chopin-edition-grise-kuenstlerexemplar-i-iv","status":"publish","type":"product","link":"https:\/\/blekleratoriginal.com\/de\/produkt\/frederic-chopin-edition-grise-kuenstlerexemplar-i-iv","title":{"rendered":"Fr\u00e9d\u00e9ric Chopin &#8211; \u00e9dition grise &#8211; K\u00fcnstlerexemplar # I\/IV"},"content":{"rendered":"<p>K\u00fcnstlerexemplar einer signierten und limitierten Edition von 50 Exemplaren erschienen 2020. La serigraphie en deux couleurs sur Arches 300g mesure 23 x 31cm et elle est accompagn\u00e9e d&#8217;un certificat d&#8217;authenticit\u00e9 sign\u00e9 par l&#8217;artiste. Der zweifarbige Siebdruck auf Arches Papier 300g misst 23 x 31cm und wird begleitet von einem vom K\u00fcnstler signierten Echtheitszertifikat. Die K\u00fcnstlerexemplare sind auf IV (9 ) nummeriert.Les \u00e9preuves sont num\u00e9rot\u00e9es sur IV (9 exemplaires).<\/p>\n<p>&nbsp;<\/p>\n","protected":false},"excerpt":{"rendered":"<p>K\u00fcnstlerexemplar einer signierten und limitierten Edition von 50 Exemplaren erschienen 2020. La serigraphie en deux couleurs sur Arches 300g mesure 23 x 31cm et elle est accompagn\u00e9e d&#8217;un certificat d&#8217;authenticit\u00e9 sign\u00e9 par l&#8217;artiste. Der zweifarbige Siebdruck auf Arches Papier 300g misst 23 x 31cm und wird begleitet von einem vom K\u00fcnstler signierten Echtheitszertifikat. Die K\u00fcnstlerexemplare&#8230;<\/p>\n","protected":false},"featured_media":12480,"template":"","meta":[],"product_brand":[],"product_cat":[81],"product_tag":[],"class_list":{"0":"post-12500","1":"product","2":"type-product","3":"status-publish","4":"has-post-thumbnail","6":"product_cat-print-de","7":"product_shipping_class-box-de","9":"first","10":"outofstock","11":"taxable","12":"shipping-taxable","13":"product-type-simple"},"_links":{"self":[{"href":"https:\/\/blekleratoriginal.com\/de\/wp-json\/wp\/v2\/product\/12500","targetHints":{"allow":["GET"]}}],"collection":[{"href":"https:\/\/blekleratoriginal.com\/de\/wp-json\/wp\/v2\/product"}],"about":[{"href":"https:\/\/blekleratoriginal.com\/de\/wp-json\/wp\/v2\/types\/product"}],"wp:featuredmedia":[{"embeddable":true,"href":"https:\/\/blekleratoriginal.com\/de\/wp-json\/wp\/v2\/media\/12480"}],"wp:attachment":[{"href":"https:\/\/blekleratoriginal.com\/de\/wp-json\/wp\/v2\/media?parent=12500"}],"wp:term":[{"taxonomy":"product_brand","embeddable":true,"href":"https:\/\/blekleratoriginal.com\/de\/wp-json\/wp\/v2\/product_brand?post=12500"},{"taxonomy":"product_cat","embeddable":true,"href":"https:\/\/blekleratoriginal.com\/de\/wp-json\/wp\/v2\/product_cat?post=12500"},{"taxonomy":"product_tag","embeddable":true,"href":"https:\/\/blekleratoriginal.com\/de\/wp-json\/wp\/v2\/product_tag?post=12500"}],"curies":[{"name":"wp","href":"https:\/\/api.w.org\/{rel}","templated":true}]}}