{"id":12461,"date":"2025-11-21T20:09:42","date_gmt":"2025-11-21T19:09:42","guid":{"rendered":"https:\/\/blekleratoriginal.com\/?post_type=product&#038;p=12461"},"modified":"2025-11-24T09:50:36","modified_gmt":"2025-11-24T08:50:36","slug":"der-zentaur-schutze-blau-copie","status":"publish","type":"product","link":"https:\/\/blekleratoriginal.com\/de\/produkt\/der-zentaur-schutze-blau-copie","title":{"rendered":"Der Zentaur (Sch\u00fctze); \u00e9dition orange -K\u00fcnstlerexemplar # III\/III"},"content":{"rendered":"<p>K\u00fcnstlerexemplar einer signierten und auf 12 Exemplare limitierten Ausgabe, die 2019 ver\u00f6ffentlicht wurde. Der dreifarbige Siebdruck auf 300g Arches Papier misst 21 x 23 cm und ist begleitet von einem vom K\u00fcnstler signierten Echtheitszertifikat.<\/p>\n","protected":false},"excerpt":{"rendered":"<p>K\u00fcnstlerexemplar einer signierten und auf 12 Exemplare limitierten Ausgabe, die 2019 ver\u00f6ffentlicht wurde. Der dreifarbige Siebdruck auf 300g Arches Papier misst 21 x 23 cm und ist begleitet von einem vom K\u00fcnstler signierten Echtheitszertifikat.<\/p>\n","protected":false},"featured_media":9576,"template":"","meta":[],"product_brand":[],"product_cat":[81],"product_tag":[],"class_list":{"0":"post-12461","1":"product","2":"type-product","3":"status-publish","4":"has-post-thumbnail","6":"product_cat-print-de","7":"product_shipping_class-box-de","9":"first","10":"outofstock","11":"taxable","12":"shipping-taxable","13":"product-type-simple"},"_links":{"self":[{"href":"https:\/\/blekleratoriginal.com\/de\/wp-json\/wp\/v2\/product\/12461","targetHints":{"allow":["GET"]}}],"collection":[{"href":"https:\/\/blekleratoriginal.com\/de\/wp-json\/wp\/v2\/product"}],"about":[{"href":"https:\/\/blekleratoriginal.com\/de\/wp-json\/wp\/v2\/types\/product"}],"wp:featuredmedia":[{"embeddable":true,"href":"https:\/\/blekleratoriginal.com\/de\/wp-json\/wp\/v2\/media\/9576"}],"wp:attachment":[{"href":"https:\/\/blekleratoriginal.com\/de\/wp-json\/wp\/v2\/media?parent=12461"}],"wp:term":[{"taxonomy":"product_brand","embeddable":true,"href":"https:\/\/blekleratoriginal.com\/de\/wp-json\/wp\/v2\/product_brand?post=12461"},{"taxonomy":"product_cat","embeddable":true,"href":"https:\/\/blekleratoriginal.com\/de\/wp-json\/wp\/v2\/product_cat?post=12461"},{"taxonomy":"product_tag","embeddable":true,"href":"https:\/\/blekleratoriginal.com\/de\/wp-json\/wp\/v2\/product_tag?post=12461"}],"curies":[{"name":"wp","href":"https:\/\/api.w.org\/{rel}","templated":true}]}}