{"id":12457,"date":"2025-11-21T19:51:37","date_gmt":"2025-11-21T18:51:37","guid":{"rendered":"https:\/\/blekleratoriginal.com\/?post_type=product&#038;p=12457"},"modified":"2025-11-21T21:02:45","modified_gmt":"2025-11-21T20:02:45","slug":"der-zentaur-schutzeedition-bleue-kunstlerexemplar-copie","status":"publish","type":"product","link":"https:\/\/blekleratoriginal.com\/de\/produkt\/der-zentaur-schutzeedition-bleue-kunstlerexemplar-copie","title":{"rendered":"Der Zentaur &#8211; \u00e9dition bleue &#8211; K\u00fcnstlerexemplar"},"content":{"rendered":"<p>K\u00fcnstlerexemplar einer signierten und auf 12 Exemplare limitierten Ausgabe, die 2019 ver\u00f6ffentlicht wurde. Der zweifarbige Siebdruck auf 300g Arches Papier misst 23 x 31cm und wird von einem vom K\u00fcnstler signierten Echtheitszertifikat begleitet. Die Abz\u00fcge sind auf IV (4) nummeriert.<\/p>\n","protected":false},"excerpt":{"rendered":"<p>K\u00fcnstlerexemplar einer signierten und auf 12 Exemplare limitierten Ausgabe, die 2019 ver\u00f6ffentlicht wurde. Der zweifarbige Siebdruck auf 300g Arches Papier misst 23 x 31cm und wird von einem vom K\u00fcnstler signierten Echtheitszertifikat begleitet. Die Abz\u00fcge sind auf IV (4) nummeriert.<\/p>\n","protected":false},"featured_media":10010,"template":"","meta":[],"product_brand":[],"product_cat":[81],"product_tag":[],"class_list":{"0":"post-12457","1":"product","2":"type-product","3":"status-publish","4":"has-post-thumbnail","6":"product_cat-print-de","7":"product_shipping_class-box-de","9":"first","10":"outofstock","11":"taxable","12":"shipping-taxable","13":"product-type-simple"},"_links":{"self":[{"href":"https:\/\/blekleratoriginal.com\/de\/wp-json\/wp\/v2\/product\/12457","targetHints":{"allow":["GET"]}}],"collection":[{"href":"https:\/\/blekleratoriginal.com\/de\/wp-json\/wp\/v2\/product"}],"about":[{"href":"https:\/\/blekleratoriginal.com\/de\/wp-json\/wp\/v2\/types\/product"}],"wp:featuredmedia":[{"embeddable":true,"href":"https:\/\/blekleratoriginal.com\/de\/wp-json\/wp\/v2\/media\/10010"}],"wp:attachment":[{"href":"https:\/\/blekleratoriginal.com\/de\/wp-json\/wp\/v2\/media?parent=12457"}],"wp:term":[{"taxonomy":"product_brand","embeddable":true,"href":"https:\/\/blekleratoriginal.com\/de\/wp-json\/wp\/v2\/product_brand?post=12457"},{"taxonomy":"product_cat","embeddable":true,"href":"https:\/\/blekleratoriginal.com\/de\/wp-json\/wp\/v2\/product_cat?post=12457"},{"taxonomy":"product_tag","embeddable":true,"href":"https:\/\/blekleratoriginal.com\/de\/wp-json\/wp\/v2\/product_tag?post=12457"}],"curies":[{"name":"wp","href":"https:\/\/api.w.org\/{rel}","templated":true}]}}