{"id":11978,"date":"2024-07-13T20:23:44","date_gmt":"2024-07-13T18:23:44","guid":{"rendered":"https:\/\/blekleratoriginal.com\/?post_type=product&#038;p=11978"},"modified":"2024-07-13T20:28:08","modified_gmt":"2024-07-13T18:28:08","slug":"the-last-day-of-your-life-sonderedition-print-n-4-5-copie","status":"publish","type":"product","link":"https:\/\/blekleratoriginal.com\/de\/produkt\/the-last-day-of-your-life-sonderedition-print-n-4-5-copie","title":{"rendered":"The Last Day Of Your Life &#8211; Sonderedition print n\u00b0 4\/5"},"content":{"rendered":"<p>Auf 5 Exemplare limitierte Sonderedition; 2024<\/p>\n<p>F\u00fcng schwarze und drei wei\u00dfe Ratten<\/p>\n<p>76x56cm (+ B\u00fcttenrand), vierfarbiger Siebdruck auf Arches 300g<\/p>\n<p>Gedruckt in Frankreich von Blek le Rat print<\/p>\n<p>begleitet von einem vom K\u00fcnstler signierten Echtheitszertifikat<\/p>\n","protected":false},"excerpt":{"rendered":"<p>Auf 5 Exemplare limitierte Sonderedition; 2024 F\u00fcng schwarze und drei wei\u00dfe Ratten 76x56cm (+ B\u00fcttenrand), vierfarbiger Siebdruck auf Arches 300g Gedruckt in Frankreich von Blek le Rat print begleitet von einem vom K\u00fcnstler signierten Echtheitszertifikat<\/p>\n","protected":false},"featured_media":11984,"template":"","meta":[],"product_brand":[],"product_cat":[90],"product_tag":[],"class_list":{"0":"post-11978","1":"product","2":"type-product","3":"status-publish","4":"has-post-thumbnail","6":"product_cat-archive-de","7":"product_shipping_class-tube-de","9":"first","10":"outofstock","11":"taxable","12":"shipping-taxable","13":"purchasable","14":"product-type-simple"},"_links":{"self":[{"href":"https:\/\/blekleratoriginal.com\/de\/wp-json\/wp\/v2\/product\/11978","targetHints":{"allow":["GET"]}}],"collection":[{"href":"https:\/\/blekleratoriginal.com\/de\/wp-json\/wp\/v2\/product"}],"about":[{"href":"https:\/\/blekleratoriginal.com\/de\/wp-json\/wp\/v2\/types\/product"}],"wp:featuredmedia":[{"embeddable":true,"href":"https:\/\/blekleratoriginal.com\/de\/wp-json\/wp\/v2\/media\/11984"}],"wp:attachment":[{"href":"https:\/\/blekleratoriginal.com\/de\/wp-json\/wp\/v2\/media?parent=11978"}],"wp:term":[{"taxonomy":"product_brand","embeddable":true,"href":"https:\/\/blekleratoriginal.com\/de\/wp-json\/wp\/v2\/product_brand?post=11978"},{"taxonomy":"product_cat","embeddable":true,"href":"https:\/\/blekleratoriginal.com\/de\/wp-json\/wp\/v2\/product_cat?post=11978"},{"taxonomy":"product_tag","embeddable":true,"href":"https:\/\/blekleratoriginal.com\/de\/wp-json\/wp\/v2\/product_tag?post=11978"}],"curies":[{"name":"wp","href":"https:\/\/api.w.org\/{rel}","templated":true}]}}