{"id":10388,"date":"2022-06-11T11:12:46","date_gmt":"2022-06-11T09:12:46","guid":{"rendered":"https:\/\/blekleratoriginal.com\/product\/der-zentaur-schuetze-blau"},"modified":"2025-11-21T19:43:14","modified_gmt":"2025-11-21T18:43:14","slug":"le-centaure-edition-bleue","status":"publish","type":"product","link":"https:\/\/blekleratoriginal.com\/de\/produkt\/le-centaure-edition-bleue","title":{"rendered":"Der Zentaur (Sch\u00fctze);\u00e9dition bleue K\u00fcnstlerexemplar"},"content":{"rendered":"<p>K\u00fcnstlerexemplar einer signierten und auf 12 Exemplare limitierten Ausgabe, die 2019 ver\u00f6ffentlicht wurde. Der zweifarbige Siebdruckauf 300g Arches Papier misst 23 x 31cm und wird von einem vom K\u00fcnstler signierten Echtheitszertifikat begleitet. Die Abz\u00fcge sind auf IV (4) nummeriert.<\/p>\n","protected":false},"excerpt":{"rendered":"<p>K\u00fcnstlerexemplar einer signierten und auf 12 Exemplare limitierten Ausgabe, die 2019 ver\u00f6ffentlicht wurde. Der zweifarbige Siebdruckauf 300g Arches Papier misst 23 x 31cm und wird von einem vom K\u00fcnstler signierten Echtheitszertifikat begleitet. Die Abz\u00fcge sind auf IV (4) nummeriert.<\/p>\n","protected":false},"featured_media":10010,"template":"","meta":[],"product_brand":[],"product_cat":[81],"product_tag":[],"class_list":{"0":"post-10388","1":"product","2":"type-product","3":"status-publish","4":"has-post-thumbnail","6":"product_cat-print-de","7":"product_shipping_class-box-de","9":"first","10":"instock","11":"taxable","12":"shipping-taxable","13":"purchasable","14":"product-type-simple"},"_links":{"self":[{"href":"https:\/\/blekleratoriginal.com\/de\/wp-json\/wp\/v2\/product\/10388","targetHints":{"allow":["GET"]}}],"collection":[{"href":"https:\/\/blekleratoriginal.com\/de\/wp-json\/wp\/v2\/product"}],"about":[{"href":"https:\/\/blekleratoriginal.com\/de\/wp-json\/wp\/v2\/types\/product"}],"wp:featuredmedia":[{"embeddable":true,"href":"https:\/\/blekleratoriginal.com\/de\/wp-json\/wp\/v2\/media\/10010"}],"wp:attachment":[{"href":"https:\/\/blekleratoriginal.com\/de\/wp-json\/wp\/v2\/media?parent=10388"}],"wp:term":[{"taxonomy":"product_brand","embeddable":true,"href":"https:\/\/blekleratoriginal.com\/de\/wp-json\/wp\/v2\/product_brand?post=10388"},{"taxonomy":"product_cat","embeddable":true,"href":"https:\/\/blekleratoriginal.com\/de\/wp-json\/wp\/v2\/product_cat?post=10388"},{"taxonomy":"product_tag","embeddable":true,"href":"https:\/\/blekleratoriginal.com\/de\/wp-json\/wp\/v2\/product_tag?post=10388"}],"curies":[{"name":"wp","href":"https:\/\/api.w.org\/{rel}","templated":true}]}}