{"id":10232,"date":"2022-05-18T01:19:12","date_gmt":"2022-05-18T01:19:12","guid":{"rendered":"https:\/\/blekleratoriginal.com\/blek-le-rat"},"modified":"2022-06-10T13:59:31","modified_gmt":"2022-06-10T13:59:31","slug":"blek-le-rat","status":"publish","type":"page","link":"https:\/\/blekleratoriginal.com\/de\/blek-le-rat","title":{"rendered":"Blek le Rat"},"content":{"rendered":"\n<p> <\/p>\n<div class=\"wp-block-image\">\n<figure class=\"aligncenter size-full\"><img fetchpriority=\"high\" decoding=\"async\" width=\"882\" height=\"586\" src=\"https:\/\/blekleratoriginal.com\/wp-content\/uploads\/2022\/05\/Xavier-PROU.png\" alt=\"\" class=\"wp-image-8444\" srcset=\"https:\/\/blekleratoriginal.com\/wp-content\/uploads\/2022\/05\/Xavier-PROU.png 882w, https:\/\/blekleratoriginal.com\/wp-content\/uploads\/2022\/05\/Xavier-PROU-300x199.png 300w, https:\/\/blekleratoriginal.com\/wp-content\/uploads\/2022\/05\/Xavier-PROU-768x510.png 768w, https:\/\/blekleratoriginal.com\/wp-content\/uploads\/2022\/05\/Xavier-PROU-365x243.png 365w, https:\/\/blekleratoriginal.com\/wp-content\/uploads\/2022\/05\/Xavier-PROU-600x399.png 600w\" sizes=\"(max-width: 882px) 100vw, 882px\" \/><figcaption>Blek and Rat \u00a9 Alexandre Green<\/figcaption><\/figure><\/div>\n<p>Blek le Rat, 1951 geboren Xavier Prou in Paris, war einer der eresten Graffitik\u00fcnstler in Paris und ist der gr\u00fcnder der Pochoirbewegung.<\/p>\n\n<p>Anl\u00e4sslich einer Reise in die USA im Jahre 1971 entdeckt er die ersten Graffiti in NYC, die ihn zutiefst intrigieren und beeindrucken. Doch als er 1981 selbst beginnt, auf W\u00e4nde zu malen, w\u00e4hlt er das Pochoir (die Schablone) zu seinem Medium, weil es sich der Paris Architekter besser anpasst. Seine ersten Pochoir sind kleine schwarze Ratten, die er die Trottoirs entlang laufen l\u00e4sst. Das franz\u00f6sische Wort&#8221;Rat&#8221; ist das Anagram von &#8220;ART&#8221; und f\u00fcr Blek &#8220;das einzige Tier, im Stande, eine Apokalypse zu \u00fcberleben. 1983 beginnt Blek, gro\u00dfformatige Pochoirs zu malen.<\/p>\n\n<p>Blek hat weltweit Generationen von Street Artists beeinflusst. Er beruft sich auf subtiles soziales Engagement und betrachtet seine Graffiti als &#8220;ein Geschenk an die Bewohner der Stadt&#8221;. Seine Figuren stellen oft solit\u00e4re Gestalten dar, denen man im \u00f6ffentlichen Raum begegnet &#8211; Frauen, Kinder, Alte und andere zeiitgen\u00f6ssische Menschen im Stadtbild.<\/p>\n\n<p>In dem Bestreben, die Menschen der Stadt der Kunst n\u00e4her zu bringen, zitiert er ebenfalls alte Meister wie Caravaggio, Michelangelo, Guido Reni oder Leonardo da Vinci. \u201cIch m\u00f6chte die Figuren aus dem Museum holen, um sie den Menschen der Stadt zur\u00fcckzugeben\u201c.<\/p>\n\n<p>Mitte 2000 schl\u00e4gt Blek eine politischere Richtung ein. Er klebt hunderte Poster der gekidnappten im Irak Journalistin Florence Aubenas, um an Politiker und die Medien hinsichtlich ihrer Freilassung zu appellieren. Dieses Ereignis stellt einen gewissen Wendepunkt in seiner Karriere dar, denn &#8220;ich wurde mir meiner Kraft und Verantwortung als K\u00fcnstler im \u00f6ffentliche Raum bewusst.&#8221;Im gleichen Jahr beginnt Blek die Serie von Obdachlosen, um das weltweite Problem von Obdachlosigkeit anzugehen. \u00dcberall in derWelt, von Europa, Australien, Amerika, malt er den jungen Bettler um die zust\u00e4ndigen Vernatwortlichen zu interpellieren, denn &#8220;manchmal&#8221;, sagt er, &#8220;sind Bilder wirkungsvoller als die Realit\u00e4t&#8221;.<\/p>\n","protected":false},"excerpt":{"rendered":"<p>Blek le Rat, 1951 geboren Xavier Prou in Paris, war einer der eresten Graffitik\u00fcnstler in Paris und ist der gr\u00fcnder der Pochoirbewegung. Anl\u00e4sslich einer Reise in die USA im Jahre 1971 entdeckt er die ersten Graffiti in NYC, die ihn zutiefst intrigieren und beeindrucken. Doch als er 1981 selbst beginnt, auf W\u00e4nde zu malen, w\u00e4hlt&#8230;<\/p>\n","protected":false},"author":1,"featured_media":0,"parent":0,"menu_order":0,"comment_status":"closed","ping_status":"closed","template":"","meta":{"footnotes":""},"class_list":["post-10232","page","type-page","status-publish","hentry"],"_links":{"self":[{"href":"https:\/\/blekleratoriginal.com\/de\/wp-json\/wp\/v2\/pages\/10232","targetHints":{"allow":["GET"]}}],"collection":[{"href":"https:\/\/blekleratoriginal.com\/de\/wp-json\/wp\/v2\/pages"}],"about":[{"href":"https:\/\/blekleratoriginal.com\/de\/wp-json\/wp\/v2\/types\/page"}],"author":[{"embeddable":true,"href":"https:\/\/blekleratoriginal.com\/de\/wp-json\/wp\/v2\/users\/1"}],"replies":[{"embeddable":true,"href":"https:\/\/blekleratoriginal.com\/de\/wp-json\/wp\/v2\/comments?post=10232"}],"version-history":[{"count":0,"href":"https:\/\/blekleratoriginal.com\/de\/wp-json\/wp\/v2\/pages\/10232\/revisions"}],"wp:attachment":[{"href":"https:\/\/blekleratoriginal.com\/de\/wp-json\/wp\/v2\/media?parent=10232"}],"curies":[{"name":"wp","href":"https:\/\/api.w.org\/{rel}","templated":true}]}}